{"id":5973,"date":"2024-05-14T18:48:47","date_gmt":"2024-05-14T18:48:47","guid":{"rendered":"https:\/\/usthealthconsulting.com.tr\/?page_id=5973"},"modified":"2024-05-14T19:03:31","modified_gmt":"2024-05-14T19:03:31","slug":"hakkimizda1","status":"publish","type":"page","link":"https:\/\/usthealthconsulting.com.tr\/so\/hakkimizda1\/","title":{"rendered":"WAXA NAGU SAABSAN"},"content":{"rendered":"<div data-elementor-type=\"wp-page\" data-elementor-id=\"5973\" class=\"elementor elementor-5973\" data-elementor-settings=\"[]\">\n\t\t\t\t\t\t<div class=\"elementor-inner\">\n\t\t\t\t\t\t\t<div class=\"elementor-section-wrap\">\n\t\t\t\t\t\t\t<section class=\"elementor-section elementor-top-section elementor-element elementor-element-92fe916 elementor-section-boxed elementor-section-height-default elementor-section-height-default\" data-id=\"92fe916\" data-element_type=\"section\">\n\t\t\t\t\t\t<div class=\"elementor-container elementor-column-gap-default\">\n\t\t\t\t\t\t\t<div class=\"elementor-row\">\n\t\t\t\t\t<div class=\"elementor-column elementor-col-100 elementor-top-column elementor-element elementor-element-6289afe\" data-id=\"6289afe\" data-element_type=\"column\">\n\t\t\t<div class=\"elementor-column-wrap elementor-element-populated\">\n\t\t\t\t\t\t\t<div class=\"elementor-widget-wrap\">\n\t\t\t\t\t\t<div class=\"elementor-element elementor-element-90e8bcc elementor-widget elementor-widget-heading\" data-id=\"90e8bcc\" data-element_type=\"widget\" data-widget_type=\"heading.default\">\n\t\t\t\t<div class=\"elementor-widget-container\">\n\t\t\t<h2 class=\"elementor-heading-title elementor-size-default\">WAXA NAGU SAABSAN<\/h2>\t\t<\/div>\n\t\t\t\t<\/div>\n\t\t\t\t\t\t<\/div>\n\t\t\t\t\t<\/div>\n\t\t<\/div>\n\t\t\t\t\t\t\t\t<\/div>\n\t\t\t\t\t<\/div>\n\t\t<\/section>\n\t\t\t\t<section class=\"elementor-section elementor-top-section elementor-element elementor-element-316a6f8 elementor-section-boxed elementor-section-height-default elementor-section-height-default\" data-id=\"316a6f8\" data-element_type=\"section\">\n\t\t\t\t\t\t<div class=\"elementor-container elementor-column-gap-default\">\n\t\t\t\t\t\t\t<div class=\"elementor-row\">\n\t\t\t\t\t<div class=\"elementor-column elementor-col-100 elementor-top-column elementor-element elementor-element-cfbdf73\" data-id=\"cfbdf73\" data-element_type=\"column\">\n\t\t\t<div class=\"elementor-column-wrap elementor-element-populated\">\n\t\t\t\t\t\t\t<div class=\"elementor-widget-wrap\">\n\t\t\t\t\t\t<div class=\"elementor-element elementor-element-3dc7fb8 elementor-widget elementor-widget-text-editor\" data-id=\"3dc7fb8\" data-element_type=\"widget\" data-widget_type=\"text-editor.default\">\n\t\t\t\t<div class=\"elementor-widget-container\">\n\t\t\t\t\t\t\t\t<div class=\"elementor-text-editor elementor-clearfix\">\n\t\t\t\t<p>Sidan oo kale oo aanu u dejinay in aan u soo bandhigno heerka ay Jamhuuriyadda Turkigu ka gaadhay dhinaca caafimaadka dalalka caalamka, si ay uga sii gudubto, waxa aanu la kaashanayna Iusbitaalo badan oo caan ah, waxaana aanu idiinku soo gudbinaynaa adeegyo caafimaad oo tayo leh oo guula badan. dhakhaatiirta goobta jooga.<\/p>\n<p>Kooxda Ust Health Consulting: oo ah kuwii ugu horeeyay xarumaha caafimaadka ee saxda ah ee leh kaabayaasha iyo adeegyada tignoolajiyada ugu dambeeyay, waxay qabanqaabiyaan dhammaan diyaarita ka hor iyo ka dib ee daaweynta.<\/p><p><span style=\"color: var( --e-global-color-text ); font-weight: var( --e-global-typography-text-font-weight );\">Shaki kuma jiro in aad ku fiicnaan doontid nagala tashato dhammaan noocyada daawaynta.<\/span><\/p>\n<p>Waxaan qof walba u rajaynaynaa nolol caafimaad qabta.<\/p>\t\t\t\t\t<\/div>\n\t\t\t\t\t\t<\/div>\n\t\t\t\t<\/div>\n\t\t\t\t\t\t<\/div>\n\t\t\t\t\t<\/div>\n\t\t<\/div>\n\t\t\t\t\t\t\t\t<\/div>\n\t\t\t\t\t<\/div>\n\t\t<\/section>\n\t\t\t\t\t\t<\/div>\n\t\t\t\t\t\t<\/div>\n\t\t\t\t\t<\/div>","protected":false},"excerpt":{"rendered":"<p>Hakk\u0131m\u0131zda T\u00fcrkiye Cumhuriyeti\u2019nin sa\u011fl\u0131k alan\u0131nda geldi\u011fi noktay\u0131 d\u00fcnya \u00fclkelerine tan\u0131tmak ve daha da ileriye ta\u015f\u0131mak \u00fczere \u00e7\u0131kt\u0131\u011f\u0131m\u0131z bu yolda \u00e7ok say\u0131da se\u00e7kin hastaneler ile i\u015f birli\u011fi sa\u011flay\u0131p, alan\u0131nda en ba\u015far\u0131l\u0131 doktorlar ile sizlere kaliteli sa\u011fl\u0131k hizmetleri sunmaktay\u0131z. Son teknoloji alt yap\u0131 ve servis hizmetlerine sahip sa\u011fl\u0131k kurumlar\u0131n\u0131n do\u011fru tercih edilmesine \u00f6nc\u00fc olan Ust Health Consulting [&hellip;]<\/p>","protected":false},"author":1,"featured_media":0,"parent":0,"menu_order":0,"comment_status":"closed","ping_status":"closed","template":"template\/template-home.php","meta":[],"_links":{"self":[{"href":"https:\/\/usthealthconsulting.com.tr\/so\/wp-json\/wp\/v2\/pages\/5973"}],"collection":[{"href":"https:\/\/usthealthconsulting.com.tr\/so\/wp-json\/wp\/v2\/pages"}],"about":[{"href":"https:\/\/usthealthconsulting.com.tr\/so\/wp-json\/wp\/v2\/types\/page"}],"author":[{"embeddable":true,"href":"https:\/\/usthealthconsulting.com.tr\/so\/wp-json\/wp\/v2\/users\/1"}],"replies":[{"embeddable":true,"href":"https:\/\/usthealthconsulting.com.tr\/so\/wp-json\/wp\/v2\/comments?post=5973"}],"version-history":[{"count":7,"href":"https:\/\/usthealthconsulting.com.tr\/so\/wp-json\/wp\/v2\/pages\/5973\/revisions"}],"predecessor-version":[{"id":5993,"href":"https:\/\/usthealthconsulting.com.tr\/so\/wp-json\/wp\/v2\/pages\/5973\/revisions\/5993"}],"wp:attachment":[{"href":"https:\/\/usthealthconsulting.com.tr\/so\/wp-json\/wp\/v2\/media?parent=5973"}],"curies":[{"name":"wp","href":"https:\/\/api.w.org\/{rel}","templated":true}]}}