{"id":5838,"date":"2024-04-30T16:49:10","date_gmt":"2024-04-30T16:49:10","guid":{"rendered":"https:\/\/usthealthconsulting.com.tr\/?page_id=5838"},"modified":"2024-05-14T17:14:10","modified_gmt":"2024-05-14T17:14:10","slug":"5838-2","status":"publish","type":"page","link":"https:\/\/usthealthconsulting.com.tr\/so\/5838-2\/","title":{"rendered":"Oteller ve Konaklama"},"content":{"rendered":"<div data-elementor-type=\"wp-page\" data-elementor-id=\"5838\" class=\"elementor elementor-5838\" data-elementor-settings=\"[]\">\n\t\t\t\t\t\t<div class=\"elementor-inner\">\n\t\t\t\t\t\t\t<div class=\"elementor-section-wrap\">\n\t\t\t\t\t\t\t<section class=\"elementor-section elementor-top-section elementor-element elementor-element-afeaa0b elementor-section-boxed elementor-section-height-default elementor-section-height-default\" data-id=\"afeaa0b\" data-element_type=\"section\">\n\t\t\t\t\t\t<div class=\"elementor-container elementor-column-gap-default\">\n\t\t\t\t\t\t\t<div class=\"elementor-row\">\n\t\t\t\t\t<div class=\"elementor-column elementor-col-100 elementor-top-column elementor-element elementor-element-cabdb06\" data-id=\"cabdb06\" data-element_type=\"column\">\n\t\t\t<div class=\"elementor-column-wrap elementor-element-populated\">\n\t\t\t\t\t\t\t<div class=\"elementor-widget-wrap\">\n\t\t\t\t\t\t<div class=\"elementor-element elementor-element-b8f12fb elementor-widget elementor-widget-heading\" data-id=\"b8f12fb\" data-element_type=\"widget\" data-widget_type=\"heading.default\">\n\t\t\t\t<div class=\"elementor-widget-container\">\n\t\t\t<h2 class=\"elementor-heading-title elementor-size-default\">Oteller ve Konaklama<\/h2>\t\t<\/div>\n\t\t\t\t<\/div>\n\t\t\t\t\t\t<\/div>\n\t\t\t\t\t<\/div>\n\t\t<\/div>\n\t\t\t\t\t\t\t\t<\/div>\n\t\t\t\t\t<\/div>\n\t\t<\/section>\n\t\t\t\t<section class=\"elementor-section elementor-top-section elementor-element elementor-element-5767310 elementor-section-boxed elementor-section-height-default elementor-section-height-default\" data-id=\"5767310\" data-element_type=\"section\">\n\t\t\t\t\t\t<div class=\"elementor-container elementor-column-gap-default\">\n\t\t\t\t\t\t\t<div class=\"elementor-row\">\n\t\t\t\t\t<div class=\"elementor-column elementor-col-100 elementor-top-column elementor-element elementor-element-7c4627e\" data-id=\"7c4627e\" data-element_type=\"column\">\n\t\t\t<div class=\"elementor-column-wrap elementor-element-populated\">\n\t\t\t\t\t\t\t<div class=\"elementor-widget-wrap\">\n\t\t\t\t\t\t<div class=\"elementor-element elementor-element-db5d4be elementor-widget elementor-widget-text-editor\" data-id=\"db5d4be\" data-element_type=\"widget\" data-widget_type=\"text-editor.default\">\n\t\t\t\t<div class=\"elementor-widget-container\">\n\t\t\t\t\t\t\t\t<div class=\"elementor-text-editor elementor-clearfix\">\n\t\t\t\t<p>UHC Asian Health Group Tourism, t\u00fcm tedavi s\u00fcrecinde hastalar ve refakat\u00e7ileri i\u00e7in farkl\u0131 konaklama se\u00e7enekleri sunmaktad\u0131r.<\/p><p><span style=\"color: var( --e-global-color-text ); font-weight: var( --e-global-typography-text-font-weight );\">Merkezi konumlarda, 5 y\u0131ld\u0131zl\u0131 l\u00fcks otellerden daha uygun fiyatl\u0131 3 y\u0131ld\u0131zl\u0131 otellere kadar geni\u015f konaklama se\u00e7eneklerine sahiptir.<\/span><\/p>\t\t\t\t\t<\/div>\n\t\t\t\t\t\t<\/div>\n\t\t\t\t<\/div>\n\t\t\t\t\t\t<\/div>\n\t\t\t\t\t<\/div>\n\t\t<\/div>\n\t\t\t\t\t\t\t\t<\/div>\n\t\t\t\t\t<\/div>\n\t\t<\/section>\n\t\t\t\t\t\t<\/div>\n\t\t\t\t\t\t<\/div>\n\t\t\t\t\t<\/div>","protected":false},"excerpt":{"rendered":"<p>Oteller ve Konaklama UHC Asian Health Group Tourism, t\u00fcm tedavi s\u00fcrecinde hastalar ve refakat\u00e7ileri i\u00e7in farkl\u0131 konaklama se\u00e7enekleri sunmaktad\u0131r. Merkezi konumlarda, 5 y\u0131ld\u0131zl\u0131 l\u00fcks otellerden daha uygun fiyatl\u0131 3 y\u0131ld\u0131zl\u0131 otellere kadar geni\u015f konaklama se\u00e7eneklerine sahiptir.<\/p>","protected":false},"author":1,"featured_media":0,"parent":0,"menu_order":0,"comment_status":"closed","ping_status":"closed","template":"","meta":[],"_links":{"self":[{"href":"https:\/\/usthealthconsulting.com.tr\/so\/wp-json\/wp\/v2\/pages\/5838"}],"collection":[{"href":"https:\/\/usthealthconsulting.com.tr\/so\/wp-json\/wp\/v2\/pages"}],"about":[{"href":"https:\/\/usthealthconsulting.com.tr\/so\/wp-json\/wp\/v2\/types\/page"}],"author":[{"embeddable":true,"href":"https:\/\/usthealthconsulting.com.tr\/so\/wp-json\/wp\/v2\/users\/1"}],"replies":[{"embeddable":true,"href":"https:\/\/usthealthconsulting.com.tr\/so\/wp-json\/wp\/v2\/comments?post=5838"}],"version-history":[{"count":11,"href":"https:\/\/usthealthconsulting.com.tr\/so\/wp-json\/wp\/v2\/pages\/5838\/revisions"}],"predecessor-version":[{"id":5941,"href":"https:\/\/usthealthconsulting.com.tr\/so\/wp-json\/wp\/v2\/pages\/5838\/revisions\/5941"}],"wp:attachment":[{"href":"https:\/\/usthealthconsulting.com.tr\/so\/wp-json\/wp\/v2\/media?parent=5838"}],"curies":[{"name":"wp","href":"https:\/\/api.w.org\/{rel}","templated":true}]}}