{"id":5813,"date":"2024-04-30T15:16:37","date_gmt":"2024-04-30T15:16:37","guid":{"rendered":"https:\/\/usthealthconsulting.com.tr\/?page_id=5813"},"modified":"2024-04-30T15:23:23","modified_gmt":"2024-04-30T15:23:23","slug":"kulturel-turlar","status":"publish","type":"page","link":"https:\/\/usthealthconsulting.com.tr\/so\/kulturel-turlar\/","title":{"rendered":"K\u00fclt\u00fcrel Turlar"},"content":{"rendered":"<div data-elementor-type=\"wp-page\" data-elementor-id=\"5813\" class=\"elementor elementor-5813\" data-elementor-settings=\"[]\">\n\t\t\t\t\t\t<div class=\"elementor-inner\">\n\t\t\t\t\t\t\t<div class=\"elementor-section-wrap\">\n\t\t\t\t\t\t\t<section class=\"elementor-section elementor-top-section elementor-element elementor-element-d4e9a3b elementor-section-boxed elementor-section-height-default elementor-section-height-default\" data-id=\"d4e9a3b\" data-element_type=\"section\">\n\t\t\t\t\t\t<div class=\"elementor-container elementor-column-gap-default\">\n\t\t\t\t\t\t\t<div class=\"elementor-row\">\n\t\t\t\t\t<div class=\"elementor-column elementor-col-100 elementor-top-column elementor-element elementor-element-7523d7d\" data-id=\"7523d7d\" data-element_type=\"column\">\n\t\t\t<div class=\"elementor-column-wrap elementor-element-populated\">\n\t\t\t\t\t\t\t<div class=\"elementor-widget-wrap\">\n\t\t\t\t\t\t<div class=\"elementor-element elementor-element-ef70029 elementor-widget elementor-widget-image\" data-id=\"ef70029\" data-element_type=\"widget\" data-widget_type=\"image.default\">\n\t\t\t\t<div class=\"elementor-widget-container\">\n\t\t\t\t\t\t\t\t<div class=\"elementor-image\">\n\t\t\t\t\t\t\t\t\t\t\t\t<img width=\"800\" height=\"487\" src=\"https:\/\/usthealthconsulting.com.tr\/wp-content\/uploads\/2024\/04\/image001-3-scaled-1-1024x623.jpg\" class=\"attachment-large size-large\" alt=\"\" loading=\"lazy\" srcset=\"https:\/\/usthealthconsulting.com.tr\/wp-content\/uploads\/2024\/04\/image001-3-scaled-1-1024x623.jpg 1024w, https:\/\/usthealthconsulting.com.tr\/wp-content\/uploads\/2024\/04\/image001-3-scaled-1-300x183.jpg 300w, https:\/\/usthealthconsulting.com.tr\/wp-content\/uploads\/2024\/04\/image001-3-scaled-1-768x467.jpg 768w, https:\/\/usthealthconsulting.com.tr\/wp-content\/uploads\/2024\/04\/image001-3-scaled-1-1536x935.jpg 1536w, https:\/\/usthealthconsulting.com.tr\/wp-content\/uploads\/2024\/04\/image001-3-scaled-1-2048x1246.jpg 2048w, https:\/\/usthealthconsulting.com.tr\/wp-content\/uploads\/2024\/04\/image001-3-scaled-1-18x12.jpg 18w, https:\/\/usthealthconsulting.com.tr\/wp-content\/uploads\/2024\/04\/image001-3-scaled-1-600x365.jpg 600w\" sizes=\"(max-width: 800px) 100vw, 800px\" \/>\t\t\t\t\t\t\t\t\t\t\t\t\t\t<\/div>\n\t\t\t\t\t\t<\/div>\n\t\t\t\t<\/div>\n\t\t\t\t\t\t<\/div>\n\t\t\t\t\t<\/div>\n\t\t<\/div>\n\t\t\t\t\t\t\t\t<\/div>\n\t\t\t\t\t<\/div>\n\t\t<\/section>\n\t\t\t\t<section class=\"elementor-section elementor-top-section elementor-element elementor-element-14a7ce2 elementor-section-boxed elementor-section-height-default elementor-section-height-default\" data-id=\"14a7ce2\" data-element_type=\"section\">\n\t\t\t\t\t\t<div class=\"elementor-container elementor-column-gap-default\">\n\t\t\t\t\t\t\t<div class=\"elementor-row\">\n\t\t\t\t\t<div class=\"elementor-column elementor-col-100 elementor-top-column elementor-element elementor-element-47b7626\" data-id=\"47b7626\" data-element_type=\"column\">\n\t\t\t<div class=\"elementor-column-wrap\">\n\t\t\t\t\t\t\t<div class=\"elementor-widget-wrap\">\n\t\t\t\t\t\t\t\t<\/div>\n\t\t\t\t\t<\/div>\n\t\t<\/div>\n\t\t\t\t\t\t\t\t<\/div>\n\t\t\t\t\t<\/div>\n\t\t<\/section>\n\t\t\t\t<section class=\"elementor-section elementor-top-section elementor-element elementor-element-ad9709c elementor-section-boxed elementor-section-height-default elementor-section-height-default\" data-id=\"ad9709c\" data-element_type=\"section\">\n\t\t\t\t\t\t<div class=\"elementor-container elementor-column-gap-default\">\n\t\t\t\t\t\t\t<div class=\"elementor-row\">\n\t\t\t\t\t<div class=\"elementor-column elementor-col-100 elementor-top-column elementor-element elementor-element-2b2f97c\" data-id=\"2b2f97c\" data-element_type=\"column\">\n\t\t\t<div class=\"elementor-column-wrap elementor-element-populated\">\n\t\t\t\t\t\t\t<div class=\"elementor-widget-wrap\">\n\t\t\t\t\t\t<div class=\"elementor-element elementor-element-3878797 elementor-widget elementor-widget-text-editor\" data-id=\"3878797\" data-element_type=\"widget\" data-widget_type=\"text-editor.default\">\n\t\t\t\t<div class=\"elementor-widget-container\">\n\t\t\t\t\t\t\t\t<div class=\"elementor-text-editor elementor-clearfix\">\n\t\t\t\t<p><strong>Tarihi zenginliklerle dolu \u0130stanbul&#8217;dan, e\u015fsiz do\u011fal g\u00fczelliklere sahip Kapadokya&#8217;ya; antik kentlerin mistik atmosferinden, geleneksel k\u00f6y ya\u015fam\u0131n\u0131n s\u0131cakl\u0131\u011f\u0131na kadar T\u00fcrkiye&#8217;nin her k\u00f6\u015fesinde sizi bekleyen bir\u00e7ok ke\u015fif noktas\u0131 var.<\/strong><\/p><p><strong>Rehberlerimiz e\u015fli\u011finde, tarihi ve k\u00fclt\u00fcrel miras\u0131m\u0131z\u0131 daha derinlemesine ke\u015ffedecek, y\u00f6resel lezzetlerle tan\u0131\u015facak ve unutulmaz an\u0131lar biriktireceksiniz. T\u00fcrkiye&#8217;nin zengin tarihini ve k\u00fclt\u00fcr\u00fcn\u00fc ke\u015ffetmek i\u00e7in sizleri aram\u0131zda g\u00f6rmekten mutluluk duyar\u0131z.<\/strong><\/p><p><strong>Daha fazla bilgi i\u00e7in l\u00fctfen bizimle ileti\u015fime ge\u00e7in. Sizler i\u00e7in en \u00f6zel tur deneyimlerini planlamak i\u00e7in buraday\u0131z!<\/strong><\/p><p>\u00a0<\/p>\t\t\t\t\t<\/div>\n\t\t\t\t\t\t<\/div>\n\t\t\t\t<\/div>\n\t\t\t\t\t\t<\/div>\n\t\t\t\t\t<\/div>\n\t\t<\/div>\n\t\t\t\t\t\t\t\t<\/div>\n\t\t\t\t\t<\/div>\n\t\t<\/section>\n\t\t\t\t\t\t<\/div>\n\t\t\t\t\t\t<\/div>\n\t\t\t\t\t<\/div>","protected":false},"excerpt":{"rendered":"<p>Tarihi zenginliklerle dolu \u0130stanbul&#8217;dan, e\u015fsiz do\u011fal g\u00fczelliklere sahip Kapadokya&#8217;ya; antik kentlerin mistik atmosferinden, geleneksel k\u00f6y ya\u015fam\u0131n\u0131n s\u0131cakl\u0131\u011f\u0131na kadar T\u00fcrkiye&#8217;nin her k\u00f6\u015fesinde sizi bekleyen bir\u00e7ok ke\u015fif noktas\u0131 var. Rehberlerimiz e\u015fli\u011finde, tarihi ve k\u00fclt\u00fcrel miras\u0131m\u0131z\u0131 daha derinlemesine ke\u015ffedecek, y\u00f6resel lezzetlerle tan\u0131\u015facak ve unutulmaz an\u0131lar biriktireceksiniz. T\u00fcrkiye&#8217;nin zengin tarihini ve k\u00fclt\u00fcr\u00fcn\u00fc ke\u015ffetmek i\u00e7in sizleri aram\u0131zda g\u00f6rmekten mutluluk duyar\u0131z. [&hellip;]<\/p>","protected":false},"author":1,"featured_media":0,"parent":0,"menu_order":0,"comment_status":"closed","ping_status":"closed","template":"template\/template-home.php","meta":[],"_links":{"self":[{"href":"https:\/\/usthealthconsulting.com.tr\/so\/wp-json\/wp\/v2\/pages\/5813"}],"collection":[{"href":"https:\/\/usthealthconsulting.com.tr\/so\/wp-json\/wp\/v2\/pages"}],"about":[{"href":"https:\/\/usthealthconsulting.com.tr\/so\/wp-json\/wp\/v2\/types\/page"}],"author":[{"embeddable":true,"href":"https:\/\/usthealthconsulting.com.tr\/so\/wp-json\/wp\/v2\/users\/1"}],"replies":[{"embeddable":true,"href":"https:\/\/usthealthconsulting.com.tr\/so\/wp-json\/wp\/v2\/comments?post=5813"}],"version-history":[{"count":4,"href":"https:\/\/usthealthconsulting.com.tr\/so\/wp-json\/wp\/v2\/pages\/5813\/revisions"}],"predecessor-version":[{"id":5818,"href":"https:\/\/usthealthconsulting.com.tr\/so\/wp-json\/wp\/v2\/pages\/5813\/revisions\/5818"}],"wp:attachment":[{"href":"https:\/\/usthealthconsulting.com.tr\/so\/wp-json\/wp\/v2\/media?parent=5813"}],"curies":[{"name":"wp","href":"https:\/\/api.w.org\/{rel}","templated":true}]}}