{"id":6001,"date":"2024-05-14T19:32:27","date_gmt":"2024-05-14T19:32:27","guid":{"rendered":"https:\/\/usthealthconsulting.com.tr\/?page_id=6001"},"modified":"2024-07-21T22:38:02","modified_gmt":"2024-07-21T22:38:02","slug":"iletisim-2","status":"publish","type":"page","link":"https:\/\/usthealthconsulting.com.tr\/en\/iletisim-2\/","title":{"rendered":"Contact"},"content":{"rendered":"<div data-elementor-type=\"wp-page\" data-elementor-id=\"6001\" class=\"elementor elementor-6001\" data-elementor-settings=\"[]\">\n\t\t\t\t\t\t<div class=\"elementor-inner\">\n\t\t\t\t\t\t\t<div class=\"elementor-section-wrap\">\n\t\t\t\t\t\t\t<section class=\"elementor-section elementor-top-section elementor-element elementor-element-b78aafc elementor-section-boxed elementor-section-height-default elementor-section-height-default\" data-id=\"b78aafc\" data-element_type=\"section\">\n\t\t\t\t\t\t<div class=\"elementor-container elementor-column-gap-default\">\n\t\t\t\t\t\t\t<div class=\"elementor-row\">\n\t\t\t\t\t<div class=\"elementor-column elementor-col-100 elementor-top-column elementor-element elementor-element-8e2ae9b\" data-id=\"8e2ae9b\" data-element_type=\"column\">\n\t\t\t<div class=\"elementor-column-wrap elementor-element-populated\">\n\t\t\t\t\t\t\t<div class=\"elementor-widget-wrap\">\n\t\t\t\t\t\t<div class=\"elementor-element elementor-element-f5e3692 elementor-widget elementor-widget-heading\" data-id=\"f5e3692\" data-element_type=\"widget\" data-widget_type=\"heading.default\">\n\t\t\t\t<div class=\"elementor-widget-container\">\n\t\t\t<h2 class=\"elementor-heading-title elementor-size-default\">Contact<\/h2>\t\t<\/div>\n\t\t\t\t<\/div>\n\t\t\t\t\t\t<\/div>\n\t\t\t\t\t<\/div>\n\t\t<\/div>\n\t\t\t\t\t\t\t\t<\/div>\n\t\t\t\t\t<\/div>\n\t\t<\/section>\n\t\t\t\t<section class=\"elementor-section elementor-top-section elementor-element elementor-element-b1afcd5 elementor-section-boxed elementor-section-height-default elementor-section-height-default\" data-id=\"b1afcd5\" data-element_type=\"section\">\n\t\t\t\t\t\t<div class=\"elementor-container elementor-column-gap-default\">\n\t\t\t\t\t\t\t<div class=\"elementor-row\">\n\t\t\t\t\t<div class=\"elementor-column elementor-col-100 elementor-top-column elementor-element elementor-element-08d334a\" data-id=\"08d334a\" data-element_type=\"column\">\n\t\t\t<div class=\"elementor-column-wrap elementor-element-populated\">\n\t\t\t\t\t\t\t<div class=\"elementor-widget-wrap\">\n\t\t\t\t\t\t<div class=\"elementor-element elementor-element-8dd5b94 elementor-widget elementor-widget-text-editor\" data-id=\"8dd5b94\" data-element_type=\"widget\" data-widget_type=\"text-editor.default\">\n\t\t\t\t<div class=\"elementor-widget-container\">\n\t\t\t\t\t\t\t\t<div class=\"elementor-text-editor elementor-clearfix\">\n\t\t\t\t<p><span><span>WHATSAPP NO:+90 539 210 97 98 &amp; +90 505 392 20 27<\/span><\/span><\/p>\n<p>AKSARAY NEIGHBORHOOD, \u0130NKILAP STREET, OTO BUSINESS INN, NO: 43, INTERIOR DOOR NO: 412, FAT\u0130H\/ ISTANBUL<br><\/p>\n<p><span><span>MA\u0130L: <\/span><\/span><a href=\"mailto:info@usthealthconsulting.com.tr\"><span><span>info@usthealthconsulting.com.t<\/span><\/span><\/a><\/p>\t\t\t\t\t<\/div>\n\t\t\t\t\t\t<\/div>\n\t\t\t\t<\/div>\n\t\t\t\t\t\t<\/div>\n\t\t\t\t\t<\/div>\n\t\t<\/div>\n\t\t\t\t\t\t\t\t<\/div>\n\t\t\t\t\t<\/div>\n\t\t<\/section>\n\t\t\t\t\t\t<\/div>\n\t\t\t\t\t\t<\/div>\n\t\t\t\t\t<\/div>","protected":false},"excerpt":{"rendered":"<p>\u0130leti\u015fim WHATSAPP NO:+90 539 210 97 98 &amp; +90 505 392 20 27 AKSARAY MAH. \u0130NKILAP CAD. OTO I\u015e HANI NO: 43 \u0130\u00c7 KAPI NO: 412 FAT\u0130H\/ \u0130STANBUL MA\u0130L: info@usthealthconsulting.com.t<\/p>","protected":false},"author":1,"featured_media":0,"parent":0,"menu_order":0,"comment_status":"closed","ping_status":"closed","template":"template\/template-home.php","meta":[],"_links":{"self":[{"href":"https:\/\/usthealthconsulting.com.tr\/en\/wp-json\/wp\/v2\/pages\/6001"}],"collection":[{"href":"https:\/\/usthealthconsulting.com.tr\/en\/wp-json\/wp\/v2\/pages"}],"about":[{"href":"https:\/\/usthealthconsulting.com.tr\/en\/wp-json\/wp\/v2\/types\/page"}],"author":[{"embeddable":true,"href":"https:\/\/usthealthconsulting.com.tr\/en\/wp-json\/wp\/v2\/users\/1"}],"replies":[{"embeddable":true,"href":"https:\/\/usthealthconsulting.com.tr\/en\/wp-json\/wp\/v2\/comments?post=6001"}],"version-history":[{"count":13,"href":"https:\/\/usthealthconsulting.com.tr\/en\/wp-json\/wp\/v2\/pages\/6001\/revisions"}],"predecessor-version":[{"id":6024,"href":"https:\/\/usthealthconsulting.com.tr\/en\/wp-json\/wp\/v2\/pages\/6001\/revisions\/6024"}],"wp:attachment":[{"href":"https:\/\/usthealthconsulting.com.tr\/en\/wp-json\/wp\/v2\/media?parent=6001"}],"curies":[{"name":"wp","href":"https:\/\/api.w.org\/{rel}","templated":true}]}}