{"id":5984,"date":"2024-05-14T18:56:31","date_gmt":"2024-05-14T18:56:31","guid":{"rendered":"https:\/\/usthealthconsulting.com.tr\/?page_id=5984"},"modified":"2024-05-14T19:04:15","modified_gmt":"2024-05-14T19:04:15","slug":"5984-2","status":"publish","type":"page","link":"https:\/\/usthealthconsulting.com.tr\/en\/5984-2\/","title":{"rendered":"Mission &amp; Vision"},"content":{"rendered":"<div data-elementor-type=\"wp-page\" data-elementor-id=\"5984\" class=\"elementor elementor-5984\" data-elementor-settings=\"[]\">\n\t\t\t\t\t\t<div class=\"elementor-inner\">\n\t\t\t\t\t\t\t<div class=\"elementor-section-wrap\">\n\t\t\t\t\t\t\t<section class=\"elementor-section elementor-top-section elementor-element elementor-element-cbede70 elementor-section-boxed elementor-section-height-default elementor-section-height-default\" data-id=\"cbede70\" data-element_type=\"section\">\n\t\t\t\t\t\t<div class=\"elementor-container elementor-column-gap-default\">\n\t\t\t\t\t\t\t<div class=\"elementor-row\">\n\t\t\t\t\t<div class=\"elementor-column elementor-col-100 elementor-top-column elementor-element elementor-element-9f81664\" data-id=\"9f81664\" data-element_type=\"column\">\n\t\t\t<div class=\"elementor-column-wrap elementor-element-populated\">\n\t\t\t\t\t\t\t<div class=\"elementor-widget-wrap\">\n\t\t\t\t\t\t<div class=\"elementor-element elementor-element-90b9bb8 elementor-widget elementor-widget-heading\" data-id=\"90b9bb8\" data-element_type=\"widget\" data-widget_type=\"heading.default\">\n\t\t\t\t<div class=\"elementor-widget-container\">\n\t\t\t<h2 class=\"elementor-heading-title elementor-size-default\">Misyon<\/h2>\t\t<\/div>\n\t\t\t\t<\/div>\n\t\t\t\t\t\t<\/div>\n\t\t\t\t\t<\/div>\n\t\t<\/div>\n\t\t\t\t\t\t\t\t<\/div>\n\t\t\t\t\t<\/div>\n\t\t<\/section>\n\t\t\t\t<section class=\"elementor-section elementor-top-section elementor-element elementor-element-f8cba0e elementor-section-boxed elementor-section-height-default elementor-section-height-default\" data-id=\"f8cba0e\" data-element_type=\"section\">\n\t\t\t\t\t\t<div class=\"elementor-container elementor-column-gap-default\">\n\t\t\t\t\t\t\t<div class=\"elementor-row\">\n\t\t\t\t\t<div class=\"elementor-column elementor-col-100 elementor-top-column elementor-element elementor-element-6e27c91\" data-id=\"6e27c91\" data-element_type=\"column\">\n\t\t\t<div class=\"elementor-column-wrap elementor-element-populated\">\n\t\t\t\t\t\t\t<div class=\"elementor-widget-wrap\">\n\t\t\t\t\t\t<div class=\"elementor-element elementor-element-1072b90 elementor-widget elementor-widget-text-editor\" data-id=\"1072b90\" data-element_type=\"widget\" data-widget_type=\"text-editor.default\">\n\t\t\t\t<div class=\"elementor-widget-container\">\n\t\t\t\t\t\t\t\t<div class=\"elementor-text-editor elementor-clearfix\">\n\t\t\t\t<p>UHC ASIAN HEALTH GROUP TOURISM; T\u00fcm D\u00fcnya \u00fclkelerine sundu\u011fu hizmet do\u011frultusunda hastalar\u0131na tedavi s\u00fcreci boyunca hasta haklar\u0131 kanununa uygun ve konforlu bir s\u00fcre\u00e7 ya\u015fatmay\u0131 hedeflemektedir. Son teknoloji cihazlar ile donat\u0131lm\u0131\u015f sa\u011fl\u0131k kurumlar\u0131 ve alan\u0131n\u0131n en ba\u015far\u0131l\u0131 hekimleriyle siz de\u011ferli hastalar\u0131n\u0131 bir araya getirerek en do\u011fru tan\u0131 ve tedavi s\u00fcrecini sizler ad\u0131na organize etmektedir.<\/p>\t\t\t\t\t<\/div>\n\t\t\t\t\t\t<\/div>\n\t\t\t\t<\/div>\n\t\t\t\t\t\t<\/div>\n\t\t\t\t\t<\/div>\n\t\t<\/div>\n\t\t\t\t\t\t\t\t<\/div>\n\t\t\t\t\t<\/div>\n\t\t<\/section>\n\t\t\t\t<section class=\"elementor-section elementor-top-section elementor-element elementor-element-9972ce7 elementor-section-boxed elementor-section-height-default elementor-section-height-default\" data-id=\"9972ce7\" data-element_type=\"section\">\n\t\t\t\t\t\t<div class=\"elementor-container elementor-column-gap-default\">\n\t\t\t\t\t\t\t<div class=\"elementor-row\">\n\t\t\t\t\t<div class=\"elementor-column elementor-col-100 elementor-top-column elementor-element elementor-element-e934d58\" data-id=\"e934d58\" data-element_type=\"column\">\n\t\t\t<div class=\"elementor-column-wrap elementor-element-populated\">\n\t\t\t\t\t\t\t<div class=\"elementor-widget-wrap\">\n\t\t\t\t\t\t<div class=\"elementor-element elementor-element-a4a6eba elementor-widget elementor-widget-heading\" data-id=\"a4a6eba\" data-element_type=\"widget\" data-widget_type=\"heading.default\">\n\t\t\t\t<div class=\"elementor-widget-container\">\n\t\t\t<h2 class=\"elementor-heading-title elementor-size-default\">Vizyon<\/h2>\t\t<\/div>\n\t\t\t\t<\/div>\n\t\t\t\t\t\t<\/div>\n\t\t\t\t\t<\/div>\n\t\t<\/div>\n\t\t\t\t\t\t\t\t<\/div>\n\t\t\t\t\t<\/div>\n\t\t<\/section>\n\t\t\t\t<section class=\"elementor-section elementor-top-section elementor-element elementor-element-2b5db8d elementor-section-boxed elementor-section-height-default elementor-section-height-default\" data-id=\"2b5db8d\" data-element_type=\"section\">\n\t\t\t\t\t\t<div class=\"elementor-container elementor-column-gap-default\">\n\t\t\t\t\t\t\t<div class=\"elementor-row\">\n\t\t\t\t\t<div class=\"elementor-column elementor-col-100 elementor-top-column elementor-element elementor-element-918e62b\" data-id=\"918e62b\" data-element_type=\"column\">\n\t\t\t<div class=\"elementor-column-wrap elementor-element-populated\">\n\t\t\t\t\t\t\t<div class=\"elementor-widget-wrap\">\n\t\t\t\t\t\t<div class=\"elementor-element elementor-element-92ed0c5 elementor-widget elementor-widget-text-editor\" data-id=\"92ed0c5\" data-element_type=\"widget\" data-widget_type=\"text-editor.default\">\n\t\t\t\t<div class=\"elementor-widget-container\">\n\t\t\t\t\t\t\t\t<div class=\"elementor-text-editor elementor-clearfix\">\n\t\t\t\t<p>T\u00fcrkiyede sa\u011fl\u0131k turizminin tan\u0131t\u0131m\u0131n\u0131 \u00fcstlenen d\u00fcnyada \u00fclkemizi temsilde \u00f6nde gelen markalar\u0131 konumuna gelmek ve bu alanda referans firma olmak<\/p>\t\t\t\t\t<\/div>\n\t\t\t\t\t\t<\/div>\n\t\t\t\t<\/div>\n\t\t\t\t\t\t<\/div>\n\t\t\t\t\t<\/div>\n\t\t<\/div>\n\t\t\t\t\t\t\t\t<\/div>\n\t\t\t\t\t<\/div>\n\t\t<\/section>\n\t\t\t\t\t\t<\/div>\n\t\t\t\t\t\t<\/div>\n\t\t\t\t\t<\/div>","protected":false},"excerpt":{"rendered":"<p>Misyon UHC ASIAN HEALTH GROUP TOURISM; T\u00fcm D\u00fcnya \u00fclkelerine sundu\u011fu hizmet do\u011frultusunda hastalar\u0131na tedavi s\u00fcreci boyunca hasta haklar\u0131 kanununa uygun ve konforlu bir s\u00fcre\u00e7 ya\u015fatmay\u0131 hedeflemektedir. Son teknoloji cihazlar ile donat\u0131lm\u0131\u015f sa\u011fl\u0131k kurumlar\u0131 ve alan\u0131n\u0131n en ba\u015far\u0131l\u0131 hekimleriyle siz de\u011ferli hastalar\u0131n\u0131 bir araya getirerek en do\u011fru tan\u0131 ve tedavi s\u00fcrecini sizler ad\u0131na organize etmektedir. Vizyon [&hellip;]<\/p>","protected":false},"author":1,"featured_media":0,"parent":0,"menu_order":0,"comment_status":"closed","ping_status":"closed","template":"template\/template-home.php","meta":[],"_links":{"self":[{"href":"https:\/\/usthealthconsulting.com.tr\/en\/wp-json\/wp\/v2\/pages\/5984"}],"collection":[{"href":"https:\/\/usthealthconsulting.com.tr\/en\/wp-json\/wp\/v2\/pages"}],"about":[{"href":"https:\/\/usthealthconsulting.com.tr\/en\/wp-json\/wp\/v2\/types\/page"}],"author":[{"embeddable":true,"href":"https:\/\/usthealthconsulting.com.tr\/en\/wp-json\/wp\/v2\/users\/1"}],"replies":[{"embeddable":true,"href":"https:\/\/usthealthconsulting.com.tr\/en\/wp-json\/wp\/v2\/comments?post=5984"}],"version-history":[{"count":8,"href":"https:\/\/usthealthconsulting.com.tr\/en\/wp-json\/wp\/v2\/pages\/5984\/revisions"}],"predecessor-version":[{"id":5996,"href":"https:\/\/usthealthconsulting.com.tr\/en\/wp-json\/wp\/v2\/pages\/5984\/revisions\/5996"}],"wp:attachment":[{"href":"https:\/\/usthealthconsulting.com.tr\/en\/wp-json\/wp\/v2\/media?parent=5984"}],"curies":[{"name":"wp","href":"https:\/\/api.w.org\/{rel}","templated":true}]}}