{"id":5856,"date":"2024-04-30T17:46:01","date_gmt":"2024-04-30T17:46:01","guid":{"rendered":"https:\/\/usthealthconsulting.com.tr\/?page_id=5856"},"modified":"2024-06-25T08:58:34","modified_gmt":"2024-06-25T08:58:34","slug":"anlasmali-kurumlar","status":"publish","type":"page","link":"https:\/\/usthealthconsulting.com.tr\/en\/anlasmali-kurumlar\/","title":{"rendered":"Affiliated Institutions"},"content":{"rendered":"<div data-elementor-type=\"wp-page\" data-elementor-id=\"5856\" class=\"elementor elementor-5856\" data-elementor-settings=\"[]\">\n\t\t\t\t\t\t<div class=\"elementor-inner\">\n\t\t\t\t\t\t\t<div class=\"elementor-section-wrap\">\n\t\t\t\t\t\t\t<section class=\"elementor-section elementor-top-section elementor-element elementor-element-8176bf8 elementor-section-boxed elementor-section-height-default elementor-section-height-default\" data-id=\"8176bf8\" data-element_type=\"section\">\n\t\t\t\t\t\t<div class=\"elementor-container elementor-column-gap-default\">\n\t\t\t\t\t\t\t<div class=\"elementor-row\">\n\t\t\t\t\t<div class=\"elementor-column elementor-col-100 elementor-top-column elementor-element elementor-element-898548d\" data-id=\"898548d\" data-element_type=\"column\">\n\t\t\t<div class=\"elementor-column-wrap elementor-element-populated\">\n\t\t\t\t\t\t\t<div class=\"elementor-widget-wrap\">\n\t\t\t\t\t\t<div class=\"elementor-element elementor-element-ca42d13 elementor-widget elementor-widget-image\" data-id=\"ca42d13\" data-element_type=\"widget\" data-widget_type=\"image.default\">\n\t\t\t\t<div class=\"elementor-widget-container\">\n\t\t\t\t\t\t\t\t<div class=\"elementor-image\">\n\t\t\t\t\t\t\t\t\t<figure class=\"wp-caption\">\n\t\t\t\t\t\t\t\t\t\t\t<a href=\"https:\/\/www.medicalpark.com.tr\/\">\n\t\t\t\t\t\t\t<img width=\"800\" height=\"512\" src=\"https:\/\/usthealthconsulting.com.tr\/wp-content\/uploads\/2024\/05\/medical_park_turkey_list_view_image-min.jpg\" class=\"attachment-large size-large\" alt=\"\" loading=\"lazy\" srcset=\"https:\/\/usthealthconsulting.com.tr\/wp-content\/uploads\/2024\/05\/medical_park_turkey_list_view_image-min.jpg 997w, https:\/\/usthealthconsulting.com.tr\/wp-content\/uploads\/2024\/05\/medical_park_turkey_list_view_image-min-300x192.jpg 300w, https:\/\/usthealthconsulting.com.tr\/wp-content\/uploads\/2024\/05\/medical_park_turkey_list_view_image-min-768x491.jpg 768w, https:\/\/usthealthconsulting.com.tr\/wp-content\/uploads\/2024\/05\/medical_park_turkey_list_view_image-min-18x12.jpg 18w, https:\/\/usthealthconsulting.com.tr\/wp-content\/uploads\/2024\/05\/medical_park_turkey_list_view_image-min-600x384.jpg 600w\" sizes=\"(max-width: 800px) 100vw, 800px\" \/>\t\t\t\t\t\t\t\t<\/a>\n\t\t\t\t\t\t\t\t\t\t\t<figcaption class=\"widget-image-caption wp-caption-text\">Bah\u00e7elievler Medical Park Hospital<\/figcaption>\n\t\t\t\t\t\t\t\t\t\t<\/figure>\n\t\t\t\t\t\t\t\t<\/div>\n\t\t\t\t\t\t<\/div>\n\t\t\t\t<\/div>\n\t\t\t\t<div class=\"elementor-element elementor-element-d975c3a elementor-widget elementor-widget-image\" data-id=\"d975c3a\" data-element_type=\"widget\" data-widget_type=\"image.default\">\n\t\t\t\t<div class=\"elementor-widget-container\">\n\t\t\t\t\t\t\t\t<div class=\"elementor-image\">\n\t\t\t\t\t\t\t\t\t<figure class=\"wp-caption\">\n\t\t\t\t\t\t\t\t\t\t\t<a href=\"https:\/\/www.gophastanesi.com.tr\/\">\n\t\t\t\t\t\t\t<img width=\"800\" height=\"420\" src=\"https:\/\/usthealthconsulting.com.tr\/wp-content\/uploads\/2024\/04\/gop-1200x630-1-1024x538.jpg\" class=\"attachment-large size-large\" alt=\"\" loading=\"lazy\" srcset=\"https:\/\/usthealthconsulting.com.tr\/wp-content\/uploads\/2024\/04\/gop-1200x630-1-1024x538.jpg 1024w, https:\/\/usthealthconsulting.com.tr\/wp-content\/uploads\/2024\/04\/gop-1200x630-1-300x158.jpg 300w, https:\/\/usthealthconsulting.com.tr\/wp-content\/uploads\/2024\/04\/gop-1200x630-1-768x403.jpg 768w, https:\/\/usthealthconsulting.com.tr\/wp-content\/uploads\/2024\/04\/gop-1200x630-1-18x9.jpg 18w, https:\/\/usthealthconsulting.com.tr\/wp-content\/uploads\/2024\/04\/gop-1200x630-1-600x315.jpg 600w, https:\/\/usthealthconsulting.com.tr\/wp-content\/uploads\/2024\/04\/gop-1200x630-1.jpg 1200w\" sizes=\"(max-width: 800px) 100vw, 800px\" \/>\t\t\t\t\t\t\t\t<\/a>\n\t\t\t\t\t\t\t\t\t\t\t<figcaption class=\"widget-image-caption wp-caption-text\">Yeni Y\u00fczy\u0131l University Gaziosmanpa\u015fa Hospital<\/figcaption>\n\t\t\t\t\t\t\t\t\t\t<\/figure>\n\t\t\t\t\t\t\t\t<\/div>\n\t\t\t\t\t\t<\/div>\n\t\t\t\t<\/div>\n\t\t\t\t<div class=\"elementor-element elementor-element-9ef2bf1 elementor-widget elementor-widget-image\" data-id=\"9ef2bf1\" data-element_type=\"widget\" data-widget_type=\"image.default\">\n\t\t\t\t<div class=\"elementor-widget-container\">\n\t\t\t\t\t\t\t\t<div class=\"elementor-image\">\n\t\t\t\t\t\t\t\t\t<figure class=\"wp-caption\">\n\t\t\t\t\t\t\t\t\t\t\t<a href=\"https:\/\/ramihastanesi.com\/\">\n\t\t\t\t\t\t\t<img width=\"800\" height=\"600\" src=\"https:\/\/usthealthconsulting.com.tr\/wp-content\/uploads\/2024\/04\/XXL.webp\" class=\"attachment-large size-large\" alt=\"\" loading=\"lazy\" srcset=\"https:\/\/usthealthconsulting.com.tr\/wp-content\/uploads\/2024\/04\/XXL.webp 1024w, https:\/\/usthealthconsulting.com.tr\/wp-content\/uploads\/2024\/04\/XXL-300x225.webp 300w, https:\/\/usthealthconsulting.com.tr\/wp-content\/uploads\/2024\/04\/XXL-768x576.webp 768w, https:\/\/usthealthconsulting.com.tr\/wp-content\/uploads\/2024\/04\/XXL-16x12.webp 16w, https:\/\/usthealthconsulting.com.tr\/wp-content\/uploads\/2024\/04\/XXL-600x450.webp 600w\" sizes=\"(max-width: 800px) 100vw, 800px\" \/>\t\t\t\t\t\t\t\t<\/a>\n\t\t\t\t\t\t\t\t\t\t\t<figcaption class=\"widget-image-caption wp-caption-text\">Private Rami Hospital<\/figcaption>\n\t\t\t\t\t\t\t\t\t\t<\/figure>\n\t\t\t\t\t\t\t\t<\/div>\n\t\t\t\t\t\t<\/div>\n\t\t\t\t<\/div>\n\t\t\t\t\t\t<\/div>\n\t\t\t\t\t<\/div>\n\t\t<\/div>\n\t\t\t\t\t\t\t\t<\/div>\n\t\t\t\t\t<\/div>\n\t\t<\/section>\n\t\t\t\t<section class=\"elementor-section elementor-top-section elementor-element elementor-element-76fcc33 elementor-section-boxed elementor-section-height-default elementor-section-height-default\" data-id=\"76fcc33\" data-element_type=\"section\">\n\t\t\t\t\t\t<div class=\"elementor-container elementor-column-gap-default\">\n\t\t\t\t\t\t\t<div class=\"elementor-row\">\n\t\t\t\t\t<div class=\"elementor-column elementor-col-100 elementor-top-column elementor-element elementor-element-20b6df3\" data-id=\"20b6df3\" data-element_type=\"column\">\n\t\t\t<div class=\"elementor-column-wrap\">\n\t\t\t\t\t\t\t<div class=\"elementor-widget-wrap\">\n\t\t\t\t\t\t\t\t<\/div>\n\t\t\t\t\t<\/div>\n\t\t<\/div>\n\t\t\t\t\t\t\t\t<\/div>\n\t\t\t\t\t<\/div>\n\t\t<\/section>\n\t\t\t\t\t\t<\/div>\n\t\t\t\t\t\t<\/div>\n\t\t\t\t\t<\/div>","protected":false},"excerpt":{"rendered":"<p>Bah\u00e7elievler Medical Park Hastanesi Yeni Y\u00fczy\u0131l \u00dcniversitesi Gaziosmanpa\u015fa Hastanesi \u00d6zel Rami Hastanesi<\/p>","protected":false},"author":1,"featured_media":0,"parent":0,"menu_order":0,"comment_status":"closed","ping_status":"closed","template":"","meta":[],"_links":{"self":[{"href":"https:\/\/usthealthconsulting.com.tr\/en\/wp-json\/wp\/v2\/pages\/5856"}],"collection":[{"href":"https:\/\/usthealthconsulting.com.tr\/en\/wp-json\/wp\/v2\/pages"}],"about":[{"href":"https:\/\/usthealthconsulting.com.tr\/en\/wp-json\/wp\/v2\/types\/page"}],"author":[{"embeddable":true,"href":"https:\/\/usthealthconsulting.com.tr\/en\/wp-json\/wp\/v2\/users\/1"}],"replies":[{"embeddable":true,"href":"https:\/\/usthealthconsulting.com.tr\/en\/wp-json\/wp\/v2\/comments?post=5856"}],"version-history":[{"count":22,"href":"https:\/\/usthealthconsulting.com.tr\/en\/wp-json\/wp\/v2\/pages\/5856\/revisions"}],"predecessor-version":[{"id":6017,"href":"https:\/\/usthealthconsulting.com.tr\/en\/wp-json\/wp\/v2\/pages\/5856\/revisions\/6017"}],"wp:attachment":[{"href":"https:\/\/usthealthconsulting.com.tr\/en\/wp-json\/wp\/v2\/media?parent=5856"}],"curies":[{"name":"wp","href":"https:\/\/api.w.org\/{rel}","templated":true}]}}