{"id":5973,"date":"2024-05-14T18:48:47","date_gmt":"2024-05-14T18:48:47","guid":{"rendered":"https:\/\/usthealthconsulting.com.tr\/?page_id=5973"},"modified":"2024-05-14T19:03:31","modified_gmt":"2024-05-14T19:03:31","slug":"hakkimizda1","status":"publish","type":"page","link":"https:\/\/usthealthconsulting.com.tr\/ar\/hakkimizda1\/","title":{"rendered":"\u0645\u0639\u0644\u0648\u0645\u0627\u062a \u0639\u0646\u0627"},"content":{"rendered":"<div data-elementor-type=\"wp-page\" data-elementor-id=\"5973\" class=\"elementor elementor-5973\" data-elementor-settings=\"[]\">\n\t\t\t\t\t\t<div class=\"elementor-inner\">\n\t\t\t\t\t\t\t<div class=\"elementor-section-wrap\">\n\t\t\t\t\t\t\t<section class=\"elementor-section elementor-top-section elementor-element elementor-element-92fe916 elementor-section-boxed elementor-section-height-default elementor-section-height-default\" data-id=\"92fe916\" data-element_type=\"section\">\n\t\t\t\t\t\t<div class=\"elementor-container elementor-column-gap-default\">\n\t\t\t\t\t\t\t<div class=\"elementor-row\">\n\t\t\t\t\t<div class=\"elementor-column elementor-col-100 elementor-top-column elementor-element elementor-element-6289afe\" data-id=\"6289afe\" data-element_type=\"column\">\n\t\t\t<div class=\"elementor-column-wrap elementor-element-populated\">\n\t\t\t\t\t\t\t<div class=\"elementor-widget-wrap\">\n\t\t\t\t\t\t<div class=\"elementor-element elementor-element-90e8bcc elementor-widget elementor-widget-heading\" data-id=\"90e8bcc\" data-element_type=\"widget\" data-widget_type=\"heading.default\">\n\t\t\t\t<div class=\"elementor-widget-container\">\n\t\t\t<h2 class=\"elementor-heading-title elementor-size-default\">\u0645\u0639\u0644\u0648\u0645\u0627\u062a \u0639\u0646\u0627<\/h2>\t\t<\/div>\n\t\t\t\t<\/div>\n\t\t\t\t\t\t<\/div>\n\t\t\t\t\t<\/div>\n\t\t<\/div>\n\t\t\t\t\t\t\t\t<\/div>\n\t\t\t\t\t<\/div>\n\t\t<\/section>\n\t\t\t\t<section class=\"elementor-section elementor-top-section elementor-element elementor-element-316a6f8 elementor-section-boxed elementor-section-height-default elementor-section-height-default\" data-id=\"316a6f8\" data-element_type=\"section\">\n\t\t\t\t\t\t<div class=\"elementor-container elementor-column-gap-default\">\n\t\t\t\t\t\t\t<div class=\"elementor-row\">\n\t\t\t\t\t<div class=\"elementor-column elementor-col-100 elementor-top-column elementor-element elementor-element-cfbdf73\" data-id=\"cfbdf73\" data-element_type=\"column\">\n\t\t\t<div class=\"elementor-column-wrap elementor-element-populated\">\n\t\t\t\t\t\t\t<div class=\"elementor-widget-wrap\">\n\t\t\t\t\t\t<div class=\"elementor-element elementor-element-3dc7fb8 elementor-widget elementor-widget-text-editor\" data-id=\"3dc7fb8\" data-element_type=\"widget\" data-widget_type=\"text-editor.default\">\n\t\t\t\t<div class=\"elementor-widget-container\">\n\t\t\t\t\t\t\t\t<div class=\"elementor-text-editor elementor-clearfix\">\n\t\t\t\t<p>\u0627\u0644\u0631\u0627\u0626\u062f \u0641\u064a \u0627\u062e\u062a\u064a\u0627\u0631 \u0627\u0644\u0645\u0624\u0633\u0633\u0627\u062a \u0627\u0644\u0635\u062d\u064a\u0629 \u0627\u0644\u0645\u0646\u0627\u0633\u0628\u0629 \u0628\u0623\u062d\u062f\u062b \u0628\u0646\u064a\u0629 \u062a\u062d\u062a\u064a\u0629 \u0648\u0627\u0644\u062e\u062f\u0645\u0627\u062a \u0627\u0644\u062a\u0643\u0646\u0648\u0644\u0648\u062c\u064a\u0629 \u0648\u062c\u0645\u064a\u0639 \u0627\u0644\u0627\u0633\u062a\u0639\u062f\u0627\u062f\u0627\u062a \u0642\u0628\u0644 \u0648\u0628\u0639\u062f \u0627\u0644\u0639\u0644\u0627\u062c.\n\u0646\u062d\u0646 \u0641\u0631\u064a\u0642 Ust Health Consulting \u062a\u0646\u0638\u0645 \u0634\u0631\u0643\u062a\u0646\u0627 \u0627\u0644\u062a\u064a \u0642\u062f\u0645\u062a \u062e\u062f\u0645\u0627\u062a \u0631\u0627\u0626\u0639\u0629 \u0641\u064a \u0642\u0637\u0627\u0639 \u0627\u0644\u0635\u062d\u0629 \u0644\u0623\u0643\u062b\u0631 \u0645\u0646 10 \u0633\u0646\u0648\u0627\u062a  \u062a\u0642\u062f\u0645 \u062e\u062f\u0645\u0627\u062a \u0641\u064a \u0645\u062c\u0627\u0644\u0627\u062a \u0627\u0644\u0648\u062b\u0627\u0626\u0642 \u0623\u0648 \u0627\u0644\u062f\u0639\u0648\u0629 \u0644\u0627\u0633\u062a\u062e\u062f\u0627\u0645\u0647\u0627 \u0641\u064a \u0637\u0644\u0628\u0627\u062a \u0627\u0644\u062a\u0623\u0634\u064a\u0631\u0627\u062a \u0648\u062d\u062c\u0648\u0632\u0627\u062a \u0627\u0644\u0641\u0646\u0627\u062f\u0642 \u0648\u062a\u0630\u0627\u0643\u0631 \u0627\u0644\u0637\u064a\u0631\u0627\u0646 \u0648\u0627\u0644\u0646\u0642\u0644 \u0645\u0646 \u0627\u0644\u0645\u0637\u0627\u0631 \u0648\u0627\u0644\u0645\u0633\u062a\u0634\u0641\u0649 \u0648\u0627\u0644\u062a\u0631\u062c\u0645\u0629 \u0648\u0627\u0644\u0633\u064a\u0627\u062d\u0629 \u0627\u0644\u0635\u062d\u064a\u0629.<\/p>\n<p>\u0627\u0644\u062a\u0642\u062f\u0645 \u0623\u0648 \u0627\u0644\u0645\u0643\u0627\u0646\u0629 \u0627\u0644\u062a\u064a \u0648\u0635\u0644\u062a \u0625\u0644\u064a\u0647\u0627 \u062c\u0645\u0647\u0648\u0631\u064a\u0629 \u062a\u0631\u0643\u064a\u0627 \u0641\u064a \u0645\u062c\u0627\u0644 \u0627\u0644\u0635\u062d\u0629 \u0625\u0644\u0649 \u062f\u0648\u0644 \u0627\u0644\u0639\u0627\u0644\u0645 \u0648\u0627\u0644\u0645\u0636\u064a \u0628\u0647\u0627 \u0625\u0644\u0649 \u0623\u0628\u0639\u062f \u0645\u0646 \u0630\u0644\u0643 \u060c \u0646\u062a\u0639\u0627\u0648\u0646 \u0645\u0639 \u0627\u0644\u0639\u062f\u064a\u062f \u0645\u0646 \u0627\u0644\u0645\u0633\u062a\u0634\u0641\u064a\u0627\u062a \u0627\u0644\u0645\u062a\u0645\u064a\u0632\u0629 \u0648\u0646\u0642\u062f\u0645 \u0644\u0643 \u062e\u062f\u0645\u0627\u062a \u0635\u062d\u064a\u0629 \u0639\u0627\u0644\u064a\u0629 \u0627\u0644\u062c\u0648\u062f\u0629 \u0645\u0639 \u0623\u0646\u062c\u062d \u0627\u0644\u0623\u0637\u0628\u0627\u0621 \u0641\u064a \u0647\u0630\u0627 \u0627\u0644\u0645\u062c\u0627\u0644.<\/p><p><span style=\"color: var( --e-global-color-text ); font-weight: var( --e-global-typography-text-font-weight );\">\u0646\u062a\u0645\u0646\u0649 \u0644\u0644\u062c\u0645\u064a\u0639 \u062d\u064a\u0627\u0629 \u0635\u062d\u064a\u0629.<\/span><\/p>\n<p>\u0646\u062a\u0645\u0646\u0649 \u0644\u0644\u062c\u0645\u064a\u0639 \u062d\u064a\u0627\u0629 \u0635\u062d\u064a\u0629.<\/p>\t\t\t\t\t<\/div>\n\t\t\t\t\t\t<\/div>\n\t\t\t\t<\/div>\n\t\t\t\t\t\t<\/div>\n\t\t\t\t\t<\/div>\n\t\t<\/div>\n\t\t\t\t\t\t\t\t<\/div>\n\t\t\t\t\t<\/div>\n\t\t<\/section>\n\t\t\t\t\t\t<\/div>\n\t\t\t\t\t\t<\/div>\n\t\t\t\t\t<\/div>","protected":false},"excerpt":{"rendered":"<p>Hakk\u0131m\u0131zda T\u00fcrkiye Cumhuriyeti\u2019nin sa\u011fl\u0131k alan\u0131nda geldi\u011fi noktay\u0131 d\u00fcnya \u00fclkelerine tan\u0131tmak ve daha da ileriye ta\u015f\u0131mak \u00fczere \u00e7\u0131kt\u0131\u011f\u0131m\u0131z bu yolda \u00e7ok say\u0131da se\u00e7kin hastaneler ile i\u015f birli\u011fi sa\u011flay\u0131p, alan\u0131nda en ba\u015far\u0131l\u0131 doktorlar ile sizlere kaliteli sa\u011fl\u0131k hizmetleri sunmaktay\u0131z. Son teknoloji alt yap\u0131 ve servis hizmetlerine sahip sa\u011fl\u0131k kurumlar\u0131n\u0131n do\u011fru tercih edilmesine \u00f6nc\u00fc olan Ust Health Consulting [&hellip;]<\/p>","protected":false},"author":1,"featured_media":0,"parent":0,"menu_order":0,"comment_status":"closed","ping_status":"closed","template":"template\/template-home.php","meta":[],"_links":{"self":[{"href":"https:\/\/usthealthconsulting.com.tr\/ar\/wp-json\/wp\/v2\/pages\/5973"}],"collection":[{"href":"https:\/\/usthealthconsulting.com.tr\/ar\/wp-json\/wp\/v2\/pages"}],"about":[{"href":"https:\/\/usthealthconsulting.com.tr\/ar\/wp-json\/wp\/v2\/types\/page"}],"author":[{"embeddable":true,"href":"https:\/\/usthealthconsulting.com.tr\/ar\/wp-json\/wp\/v2\/users\/1"}],"replies":[{"embeddable":true,"href":"https:\/\/usthealthconsulting.com.tr\/ar\/wp-json\/wp\/v2\/comments?post=5973"}],"version-history":[{"count":7,"href":"https:\/\/usthealthconsulting.com.tr\/ar\/wp-json\/wp\/v2\/pages\/5973\/revisions"}],"predecessor-version":[{"id":5993,"href":"https:\/\/usthealthconsulting.com.tr\/ar\/wp-json\/wp\/v2\/pages\/5973\/revisions\/5993"}],"wp:attachment":[{"href":"https:\/\/usthealthconsulting.com.tr\/ar\/wp-json\/wp\/v2\/media?parent=5973"}],"curies":[{"name":"wp","href":"https:\/\/api.w.org\/{rel}","templated":true}]}}